{"id":3,"date":"2025-04-10T17:22:54","date_gmt":"2025-04-10T17:22:54","guid":{"rendered":"https:\/\/kravmaganextlevel.com\/home\/kravmaganextlevel\/public_html\/?page_id=3"},"modified":"2025-06-17T13:02:58","modified_gmt":"2025-06-17T11:02:58","slug":"politica-privacidad","status":"publish","type":"page","link":"https:\/\/kravmaganextlevel.com\/en\/politica-privacidad\/","title":{"rendered":"Pol\u00edtica de Privacidad"},"content":{"rendered":"<div data-elementor-type=\"wp-page\" data-elementor-id=\"3\" class=\"elementor elementor-3\" data-elementor-post-type=\"page\">\n\t\t\t\t<div class=\"elementor-element elementor-element-7ca34334 e-flex e-con-boxed e-con e-parent\" data-id=\"7ca34334\" data-element_type=\"container\" data-e-type=\"container\">\n\t\t\t\t\t<div class=\"e-con-inner\">\n\t\t\t\t<div class=\"elementor-element elementor-element-7f4c8af6 elementor-widget elementor-widget-text-editor\" data-id=\"7f4c8af6\" data-element_type=\"widget\" data-e-type=\"widget\" data-widget_type=\"text-editor.default\">\n\t\t\t\t<div class=\"elementor-widget-container\">\n\t\t\t\t\t\t\t\t\t\n<p data-start=\"157\" data-end=\"183\"><strong data-start=\"157\" data-end=\"183\">Privacy policy<\/strong><\/p>\n<p data-start=\"185\" data-end=\"431\" class=\"translation-block\">El sitio web <a class=\"\" href=\"https:\/\/kravmaganextlevel.com\/en\/\" target=\"_new\" rel=\"noopener\" data-start=\"198\" data-end=\"260\">https:\/\/kravmaganextlevel.com<\/a> es propiedad de <strong data-start=\"277\" data-end=\"306\">KRAV MAGA NEXT LEVEL S.L.<\/strong>, con <strong data-start=\"312\" data-end=\"330\">CIF B-22506174<\/strong> y domicilio en <strong data-start=\"346\" data-end=\"430\">Calle Francisco Aritio, N\u00ba 158, Bloque 2, Oficina 234, 19004 Guadalajara, Espa\u00f1a<\/strong>.<\/p>\n<p data-start=\"433\" data-end=\"653\">Our organization is fully committed to complying with personal data protection regulations and ensures full compliance with all obligations established by such regulations.<\/p>\n<p data-start=\"655\" data-end=\"726\">You may contact us through the following channels:<\/p>\n<p data-start=\"728\" data-end=\"790\"><strong data-start=\"728\" data-end=\"763\">Mail:<\/strong> <a class=\"cursor-pointer\" rel=\"noopener\" data-start=\"764\" data-end=\"790\">info@kravmaganextlevel.com<\/a><\/p>\n<p data-start=\"792\" data-end=\"990\">All notifications and communications between the USER and the PROVIDER shall be deemed effective for all purposes when carried out through any of the channels detailed above.<\/p>\n<p data-start=\"992\" data-end=\"1282\">The designated postal address is the only valid channel for exercising the rights of access, rectification, erasure, objection, and other rights related to data protection. These rights may be exercised by submitting a written request accompanied by proof of identity.<\/p>\n<p data-start=\"1284\" data-end=\"1416\">Likewise, you may revoke any authorization previously granted through the same channel or via the email address provided.<\/p>\n<hr data-start=\"1418\" data-end=\"1421\" \/>\n<h3 class=\"wp-block-heading\" data-start=\"1423\" data-end=\"1458\">Tratamiento de datos personales<\/h3>\n<p data-start=\"1460\" data-end=\"1572\">We provide users with this Privacy Policy to inform them of the following aspects:<\/p>\n<h4 data-start=\"1574\" data-end=\"1633\">\u00bfQui\u00e9n es el responsable del tratamiento de sus datos?<\/h4>\n<p data-start=\"1635\" data-end=\"1837\" class=\"translation-block\"><strong data-start=\"1635\" data-end=\"1664\">KRAV MAGA NEXT LEVEL S.L.<\/strong><br data-start=\"1664\" data-end=\"1667\"><strong data-start=\"1667\" data-end=\"1675\">CIF:<\/strong> B-22506174<br data-start=\"1686\" data-end=\"1689\"><strong data-start=\"1689\" data-end=\"1703\">Direcci\u00f3n:<\/strong> Calle Francisco Aritio, N\u00ba 158, Bloque 2, Oficina 234, 19004 Guadalajara, Espa\u00f1a<br data-start=\"1784\" data-end=\"1787\"><strong data-start=\"1787\" data-end=\"1810\">Correo electr\u00f3nico:<\/strong> <a class=\"cursor-pointer\" rel=\"noopener\" data-start=\"1811\" data-end=\"1837\" target=\"_self\">info@kravmaganextlevel.com<\/a><\/p>\n<h4 data-start=\"1839\" data-end=\"1882\">Registro de Actividades de Tratamiento<\/h4>\n<ul data-start=\"1884\" data-end=\"2025\">\n<li data-start=\"1884\" data-end=\"1907\">\n<p data-start=\"1886\" data-end=\"1907\">Contact management<\/p>\n<\/li>\n<li data-start=\"1908\" data-end=\"1959\">\n<p data-start=\"1910\" data-end=\"1959\">Management of registrations for classes and activities<\/p>\n<\/li>\n<li data-start=\"1960\" data-end=\"2025\">\n<p data-start=\"1962\" data-end=\"2025\">Sending of commercial communications (subject to consent)<\/p>\n<\/li>\n<\/ul>\n<h4 data-start=\"2027\" data-end=\"2087\">\u00bfCu\u00e1les son sus derechos cuando nos facilita sus datos?<\/h4>\n<p data-start=\"2089\" data-end=\"2288\" class=\"translation-block\">Any person has the right to obtain confirmation as to whether <strong>KRAV MAGA NEXT LEVEL S.L.<\/strong> is processing personal data concerning them. Data subjects have the right to:<\/p>\n<ul data-start=\"2290\" data-end=\"2709\">\n<li data-start=\"2290\" data-end=\"2325\">\n<p data-start=\"2292\" data-end=\"2325\">Access their personal data.<\/p>\n<\/li>\n<li data-start=\"2326\" data-end=\"2380\">\n<p data-start=\"2328\" data-end=\"2380\">Request the rectification of inaccurate data.<\/p>\n<\/li>\n<li data-start=\"2381\" data-end=\"2483\">\n<p data-start=\"2383\" data-end=\"2483\">Request the erasure of data when it is no longer necessary for the purposes for which it was collected.<\/p>\n<\/li>\n<li data-start=\"2484\" data-end=\"2572\">\n<p data-start=\"2486\" data-end=\"2572\">Request the restriction of the processing of their data in certain circumstances.<\/p>\n<\/li>\n<li data-start=\"2573\" data-end=\"2667\">\n<p data-start=\"2575\" data-end=\"2667\">Object to the processing of their data on grounds relating to their particular situation.<\/p>\n<\/li>\n<li data-start=\"2668\" data-end=\"2709\">\n<p data-start=\"2670\" data-end=\"2709\">Request the portability of their data.<\/p>\n<\/li>\n<\/ul>\n<p data-start=\"2711\" data-end=\"2866\">You may exercise these rights by submitting a written request to the address of the data controller, duly verifying your identity.<\/p>\n<p data-start=\"2868\" data-end=\"3080\">If you have given your consent for a specific purpose, you have the right to withdraw it at any time, without affecting the lawfulness of processing based on consent prior to its withdrawal.<\/p>\n<p data-start=\"3082\" data-end=\"3372\" class=\"translation-block\">If you believe that your rights have been violated, especially if you have not obtained satisfaction in exercising them, you may file a complaint with the <strong>Spanish Data Protection Agency (AEPD)<\/strong> through its website: <a href=\"https:\/\/www.aepd.es\" target=\"_blank\" rel=\"noopener\">www.aepd.es\n<\/a>.<\/p>\t\t\t\t\t\t\t\t<\/div>\n\t\t\t\t<\/div>\n\t\t\t\t\t<\/div>\n\t\t\t\t<\/div>\n\t\t\t\t<\/div>","protected":false},"excerpt":{"rendered":"<p>Pol\u00edtica de privacidad El sitio web https:\/\/kravmaganextlevel.com es propiedad de KRAV MAGA NEXT LEVEL S.L., con CIF B-22506174 y domicilio en Calle Francisco Aritio, N\u00ba 158, Bloque 2, Oficina 234, 19004 Guadalajara, Espa\u00f1a. Nuestra entidad se encuentra profundamente comprometida con el cumplimiento de la normativa de protecci\u00f3n de datos de car\u00e1cter personal y garantiza el [&hellip;]<\/p>\n","protected":false},"author":1,"featured_media":0,"parent":0,"menu_order":0,"comment_status":"closed","ping_status":"open","template":"","meta":{"footnotes":""},"class_list":["post-3","page","type-page","status-publish","hentry"],"_links":{"self":[{"href":"https:\/\/kravmaganextlevel.com\/en\/wp-json\/wp\/v2\/pages\/3","targetHints":{"allow":["GET"]}}],"collection":[{"href":"https:\/\/kravmaganextlevel.com\/en\/wp-json\/wp\/v2\/pages"}],"about":[{"href":"https:\/\/kravmaganextlevel.com\/en\/wp-json\/wp\/v2\/types\/page"}],"author":[{"embeddable":true,"href":"https:\/\/kravmaganextlevel.com\/en\/wp-json\/wp\/v2\/users\/1"}],"replies":[{"embeddable":true,"href":"https:\/\/kravmaganextlevel.com\/en\/wp-json\/wp\/v2\/comments?post=3"}],"version-history":[{"count":13,"href":"https:\/\/kravmaganextlevel.com\/en\/wp-json\/wp\/v2\/pages\/3\/revisions"}],"predecessor-version":[{"id":1022,"href":"https:\/\/kravmaganextlevel.com\/en\/wp-json\/wp\/v2\/pages\/3\/revisions\/1022"}],"wp:attachment":[{"href":"https:\/\/kravmaganextlevel.com\/en\/wp-json\/wp\/v2\/media?parent=3"}],"curies":[{"name":"wp","href":"https:\/\/api.w.org\/{rel}","templated":true}]}}